{"id":2483,"date":"2023-12-18T15:11:41","date_gmt":"2023-12-18T14:11:41","guid":{"rendered":"https:\/\/fico.fi\/product\/2kde\/"},"modified":"2024-05-17T08:47:05","modified_gmt":"2024-05-17T06:47:05","slug":"2kde","status":"publish","type":"product","link":"https:\/\/fico.fi\/sv\/product\/2kde\/","title":{"rendered":"F2KDE"},"content":{"rendered":"<p>Den ursprungliga utrustningen f\u00f6r sugning av flytande avfall, slam och h\u00f6gtryckstv\u00e4ttning f\u00f6r arktiskt milj\u00f6.<\/p>\n<p>&nbsp;<\/p>\n<p><img loading=\"lazy\" decoding=\"async\" class=\"aligncenter wp-image-931 size-full\" src=\"https:\/\/fico.fi\/wp-content\/uploads\/Prodotti_Corpo_2kde.jpg\" alt=\"\" width=\"1024\" height=\"683\" srcset=\"https:\/\/fico.fi\/wp-content\/uploads\/Prodotti_Corpo_2kde.jpg 1024w, https:\/\/fico.fi\/wp-content\/uploads\/Prodotti_Corpo_2kde-450x300.jpg 450w, https:\/\/fico.fi\/wp-content\/uploads\/Prodotti_Corpo_2kde-768x512.jpg 768w\" sizes=\"auto, (max-width: 1024px) 100vw, 1024px\" \/><\/p>\n","protected":false},"template":"","accessory":[275,272,281,270,280,331,277,269,274,303,315,319,307,276,323,327,273,282,298,294,271,290,268],"application":[213,211,203,204,283,212,205,202,206,207,201,209,210,208],"class_list":["post-2483","product","type-product","status-publish","hentry","accessory-kraftuttag","accessory-originalfordons-kraftuttag","accessory-vakuumpump","accessory-lopac-vakuumpump","accessory-vakumlastning","accessory-kassettbom","accessory-bakmonterad-transportslangrulle","accessory-hogtryckspump","accessory-kolvpump","accessory-andra-slangrulle","accessory-vattenhosearm","accessory-forsta-slangrulle","accessory-rengoring","accessory-radiokontroll01","accessory-radiokontroll","accessory-radiokontroll-med-skarm","accessory-ovrigt","accessory-videokamera-others-sv","accessory-overforingspumpar","accessory-spolning","accessory-on-board-viktsystem","accessory-kedel","accessory-vinterskydd","application-deponi","application-gatuspolning","application-gjuterier","application-husblock","application-industri","application-kraftvarmeverk","application-massa-och-pappersindustri","application-privat","application-rafinerier-industrials-sv","application-rengoring-av-slammplattor","application-slambrunnar","application-sma-avloppskanaler","application-stalverk-industrials-sv","application-varv"],"acf":[],"_links":{"self":[{"href":"https:\/\/fico.fi\/sv\/wp-json\/wp\/v2\/product\/2483","targetHints":{"allow":["GET"]}}],"collection":[{"href":"https:\/\/fico.fi\/sv\/wp-json\/wp\/v2\/product"}],"about":[{"href":"https:\/\/fico.fi\/sv\/wp-json\/wp\/v2\/types\/product"}],"wp:attachment":[{"href":"https:\/\/fico.fi\/sv\/wp-json\/wp\/v2\/media?parent=2483"}],"wp:term":[{"taxonomy":"accessory","embeddable":true,"href":"https:\/\/fico.fi\/sv\/wp-json\/wp\/v2\/accessory?post=2483"},{"taxonomy":"application","embeddable":true,"href":"https:\/\/fico.fi\/sv\/wp-json\/wp\/v2\/application?post=2483"}],"curies":[{"name":"wp","href":"https:\/\/api.w.org\/{rel}","templated":true}]}}