{"id":2472,"date":"2023-11-30T13:00:12","date_gmt":"2023-11-30T12:00:12","guid":{"rendered":"https:\/\/fico.fi\/product\/ficombi\/"},"modified":"2024-05-16T16:35:48","modified_gmt":"2024-05-16T14:35:48","slug":"ficombi","status":"publish","type":"product","link":"https:\/\/fico.fi\/sv\/product\/ficombi\/","title":{"rendered":"FICOMBI"},"content":{"rendered":"<p>Utvecklingen av Fico-produkten med hj\u00e4lp av Cappellottos expertis f\u00f6r reng\u00f6ring av r\u00f6r och avlopp.<\/p>\n<p>&nbsp;<\/p>\n<p><img loading=\"lazy\" decoding=\"async\" class=\"aligncenter wp-image-924 size-full\" src=\"https:\/\/fico.fi\/wp-content\/uploads\/Prodotti_Corpo_Ficombi.jpg\" alt=\"\" width=\"1024\" height=\"683\" srcset=\"https:\/\/fico.fi\/wp-content\/uploads\/Prodotti_Corpo_Ficombi.jpg 1024w, https:\/\/fico.fi\/wp-content\/uploads\/Prodotti_Corpo_Ficombi-450x300.jpg 450w, https:\/\/fico.fi\/wp-content\/uploads\/Prodotti_Corpo_Ficombi-768x512.jpg 768w\" sizes=\"auto, (max-width: 1024px) 100vw, 1024px\" \/><\/p>\n","protected":false},"template":"","accessory":[275,272,281,270,280,277,335,339,269,274,303,315,311,307,276,323,327,273,282,298,294,271,290,268],"application":[368,213,211,203,204,283,212,205,202,363,206,207,285,201,209,210,208],"class_list":["post-2472","product","type-product","status-publish","hentry","accessory-kraftuttag","accessory-originalfordons-kraftuttag","accessory-vakuumpump","accessory-lopac-vakuumpump","accessory-vakumlastning","accessory-bakmonterad-transportslangrulle","accessory-koncentrisk-slangrulle-med-arm","accessory-topp-slangrulle-utan-arm","accessory-hogtryckspump","accessory-kolvpump","accessory-andra-slangrulle","accessory-front-horisontell-slangrulle","accessory-forsta-slangrulle","accessory-rengoring","accessory-radiokontroll01","accessory-radiokontroll","accessory-radiokontroll-med-skarm","accessory-ovrigt","accessory-videokamera-others-sv","accessory-overforingspumpar","accessory-spolning","accessory-on-board-viktsystem","accessory-kedel","accessory-vinterskydd","application-avloppslinjer-pa-lastbil","application-deponi","application-gatuspolning","application-gjuterier","application-husblock","application-industri","application-kraftvarmeverk","application-massa-och-pappersindustri","application-privat","application-processindustri","application-rafinerier-industrials-sv","application-rengoring-av-slammplattor","application-reningsverk","application-slambrunnar","application-sma-avloppskanaler","application-stalverk-industrials-sv","application-varv"],"acf":[],"_links":{"self":[{"href":"https:\/\/fico.fi\/sv\/wp-json\/wp\/v2\/product\/2472","targetHints":{"allow":["GET"]}}],"collection":[{"href":"https:\/\/fico.fi\/sv\/wp-json\/wp\/v2\/product"}],"about":[{"href":"https:\/\/fico.fi\/sv\/wp-json\/wp\/v2\/types\/product"}],"wp:attachment":[{"href":"https:\/\/fico.fi\/sv\/wp-json\/wp\/v2\/media?parent=2472"}],"wp:term":[{"taxonomy":"accessory","embeddable":true,"href":"https:\/\/fico.fi\/sv\/wp-json\/wp\/v2\/accessory?post=2472"},{"taxonomy":"application","embeddable":true,"href":"https:\/\/fico.fi\/sv\/wp-json\/wp\/v2\/application?post=2472"}],"curies":[{"name":"wp","href":"https:\/\/api.w.org\/{rel}","templated":true}]}}