{"id":2336,"date":"2023-12-01T09:19:44","date_gmt":"2023-12-01T08:19:44","guid":{"rendered":"https:\/\/fico.fi\/sales-network\/"},"modified":"2024-07-03T16:52:32","modified_gmt":"2024-07-03T14:52:32","slug":"forsaljningsnatverk","status":"publish","type":"page","link":"https:\/\/fico.fi\/sv\/forsaljningsnatverk\/","title":{"rendered":"F\u00f6rs\u00e4ljningsn\u00e4tverk"},"content":{"rendered":"","protected":false},"excerpt":{"rendered":"","protected":false},"author":3,"featured_media":0,"parent":0,"menu_order":0,"comment_status":"closed","ping_status":"closed","template":"page-templates\/flessibile.php","meta":{"_acf_changed":false,"footnotes":""},"class_list":["post-2336","page","type-page","status-publish","hentry"],"acf":[],"_links":{"self":[{"href":"https:\/\/fico.fi\/sv\/wp-json\/wp\/v2\/pages\/2336","targetHints":{"allow":["GET"]}}],"collection":[{"href":"https:\/\/fico.fi\/sv\/wp-json\/wp\/v2\/pages"}],"about":[{"href":"https:\/\/fico.fi\/sv\/wp-json\/wp\/v2\/types\/page"}],"author":[{"embeddable":true,"href":"https:\/\/fico.fi\/sv\/wp-json\/wp\/v2\/users\/3"}],"replies":[{"embeddable":true,"href":"https:\/\/fico.fi\/sv\/wp-json\/wp\/v2\/comments?post=2336"}],"version-history":[{"count":5,"href":"https:\/\/fico.fi\/sv\/wp-json\/wp\/v2\/pages\/2336\/revisions"}],"predecessor-version":[{"id":2765,"href":"https:\/\/fico.fi\/sv\/wp-json\/wp\/v2\/pages\/2336\/revisions\/2765"}],"wp:attachment":[{"href":"https:\/\/fico.fi\/sv\/wp-json\/wp\/v2\/media?parent=2336"}],"curies":[{"name":"wp","href":"https:\/\/api.w.org\/{rel}","templated":true}]}}