{"id":2481,"date":"2023-12-18T15:11:41","date_gmt":"2023-12-18T14:11:41","guid":{"rendered":"https:\/\/fico.fi\/product\/2kde\/"},"modified":"2024-05-17T08:36:12","modified_gmt":"2024-05-17T06:36:12","slug":"2kde","status":"publish","type":"product","link":"https:\/\/fico.fi\/no\/product\/2kde\/","title":{"rendered":"F2KDE"},"content":{"rendered":"<p>Det opprinnelige utstyret for oppsuging av forurenset v\u00e6ske, slam og h\u00f8ytrykksspyling tilpasset arktisk milj\u00f8.<\/p>\n<p>&nbsp;<\/p>\n<p><img loading=\"lazy\" decoding=\"async\" class=\"aligncenter wp-image-931 size-full\" src=\"https:\/\/fico.fi\/wp-content\/uploads\/Prodotti_Corpo_2kde.jpg\" alt=\"\" width=\"1024\" height=\"683\" srcset=\"https:\/\/fico.fi\/wp-content\/uploads\/Prodotti_Corpo_2kde.jpg 1024w, https:\/\/fico.fi\/wp-content\/uploads\/Prodotti_Corpo_2kde-450x300.jpg 450w, https:\/\/fico.fi\/wp-content\/uploads\/Prodotti_Corpo_2kde-768x512.jpg 768w\" sizes=\"auto, (max-width: 1024px) 100vw, 1024px\" \/><\/p>\n","protected":false},"template":"","accessory":[239,236,245,234,244,329,241,233,238,301,313,317,305,240,321,325,237,288,235,292,296,246,232],"application":[187,178,185,247,181,176,183,179,180,182,175,184,177,186],"class_list":["post-2481","product","type-product","status-publish","hentry","accessory-power-take-off-no","accessory-original-vehicle-power-take-off-no-power-take-off-no","accessory-vacuum-pump-no","accessory-lobe-vacuum-pump-no-vacuum-pump-no","accessory-vacuum-loading-no","accessory-cassette-boom-no","accessory-rear-mounted-transportation-hose-reel-no-vacuum-loading-no","accessory-hoytrykkspumpe","accessory-plunger-pump-no","accessory-second-high-pressure-hose-reel-no","accessory-waterhose-arm-no","accessory-first-hose-reel","accessory-cleaning-no","accessory-radio-control-no-01","accessory-radio-control-no-2","accessory-radio-control-with-screen-no","accessory-others-no","accessory-boiler-no","accessory-on-board-weighting-system-no-others-no","accessory-flushing-no","accessory-transfer-pumps-no","accessory-video-camera","accessory-arctic-protection-no","application-avfallsdeponi","application-boligblokker","application-gatevask","application-industrielle-aplikasjoner","application-kloakkrenseanlegg","application-kommunalteknikk","application-mindre-avlopsror","application-papirfabrikker","application-rafinerier","application-skipsverft","application-slamavskillere","application-stalverk","application-stoperi","application-termiske-kraftstasjoner"],"acf":[],"_links":{"self":[{"href":"https:\/\/fico.fi\/no\/wp-json\/wp\/v2\/product\/2481","targetHints":{"allow":["GET"]}}],"collection":[{"href":"https:\/\/fico.fi\/no\/wp-json\/wp\/v2\/product"}],"about":[{"href":"https:\/\/fico.fi\/no\/wp-json\/wp\/v2\/types\/product"}],"wp:attachment":[{"href":"https:\/\/fico.fi\/no\/wp-json\/wp\/v2\/media?parent=2481"}],"wp:term":[{"taxonomy":"accessory","embeddable":true,"href":"https:\/\/fico.fi\/no\/wp-json\/wp\/v2\/accessory?post=2481"},{"taxonomy":"application","embeddable":true,"href":"https:\/\/fico.fi\/no\/wp-json\/wp\/v2\/application?post=2481"}],"curies":[{"name":"wp","href":"https:\/\/api.w.org\/{rel}","templated":true}]}}