{"id":2468,"date":"2023-11-30T13:00:12","date_gmt":"2023-11-30T12:00:12","guid":{"rendered":"https:\/\/fico.fi\/product\/ficombi\/"},"modified":"2024-05-16T16:28:38","modified_gmt":"2024-05-16T14:28:38","slug":"ficombi","status":"publish","type":"product","link":"https:\/\/fico.fi\/no\/product\/ficombi\/","title":{"rendered":"FICOMBI"},"content":{"rendered":"<p>Videreutvikling av Fico-produktet, ved hjelp av Cappellottos ekspertise, for rengj\u00f8ring av r\u00f8r og avl\u00f8p ved \u00e5 suge opp slam.<\/p>\n<p>&nbsp;<\/p>\n<p><img loading=\"lazy\" decoding=\"async\" class=\"aligncenter wp-image-924 size-full\" src=\"https:\/\/fico.fi\/wp-content\/uploads\/Prodotti_Corpo_Ficombi.jpg\" alt=\"\" width=\"1024\" height=\"683\" srcset=\"https:\/\/fico.fi\/wp-content\/uploads\/Prodotti_Corpo_Ficombi.jpg 1024w, https:\/\/fico.fi\/wp-content\/uploads\/Prodotti_Corpo_Ficombi-450x300.jpg 450w, https:\/\/fico.fi\/wp-content\/uploads\/Prodotti_Corpo_Ficombi-768x512.jpg 768w\" sizes=\"auto, (max-width: 1024px) 100vw, 1024px\" \/><\/p>\n","protected":false},"template":"","accessory":[239,236,245,234,244,241,337,333,233,238,301,309,313,305,240,321,325,237,296,232,288,235,292,246],"application":[187,366,249,178,185,247,181,176,183,179,361,180,182,175,184,177,186],"class_list":["post-2468","product","type-product","status-publish","hentry","accessory-power-take-off-no","accessory-original-vehicle-power-take-off-no-power-take-off-no","accessory-vacuum-pump-no","accessory-lobe-vacuum-pump-no-vacuum-pump-no","accessory-vacuum-loading-no","accessory-rear-mounted-transportation-hose-reel-no-vacuum-loading-no","accessory-top-hose-reel-without-arm-no","accessory-concentric-hose-reel-with-arm","accessory-hoytrykkspumpe","accessory-plunger-pump-no","accessory-front-horizontal-hose-reel-no","accessory-second-high-pressure-hose-reel-no","accessory-first-hose-reel","accessory-cleaning-no","accessory-radio-control-no-01","accessory-radio-control-no-2","accessory-radio-control-with-screen-no","accessory-others-no","accessory-transfer-pumps-no","accessory-arctic-protection-no","accessory-boiler-no","accessory-on-board-weighting-system-no-others-no","accessory-flushing-no","accessory-video-camera","application-avfallsdeponi","application-avlopsanlegg","application-avlopsrenseanlegg","application-boligblokker","application-gatevask","application-industrielle-aplikasjoner","application-kloakkrenseanlegg","application-kommunalteknikk","application-mindre-avlopsror","application-papirfabrikker","application-prosessindustri","application-rafinerier","application-skipsverft","application-slamavskillere","application-stalverk","application-stoperi","application-termiske-kraftstasjoner"],"acf":[],"_links":{"self":[{"href":"https:\/\/fico.fi\/no\/wp-json\/wp\/v2\/product\/2468","targetHints":{"allow":["GET"]}}],"collection":[{"href":"https:\/\/fico.fi\/no\/wp-json\/wp\/v2\/product"}],"about":[{"href":"https:\/\/fico.fi\/no\/wp-json\/wp\/v2\/types\/product"}],"wp:attachment":[{"href":"https:\/\/fico.fi\/no\/wp-json\/wp\/v2\/media?parent=2468"}],"wp:term":[{"taxonomy":"accessory","embeddable":true,"href":"https:\/\/fico.fi\/no\/wp-json\/wp\/v2\/accessory?post=2468"},{"taxonomy":"application","embeddable":true,"href":"https:\/\/fico.fi\/no\/wp-json\/wp\/v2\/application?post=2468"}],"curies":[{"name":"wp","href":"https:\/\/api.w.org\/{rel}","templated":true}]}}