{"id":2480,"date":"2023-12-18T15:11:41","date_gmt":"2023-12-18T14:11:41","guid":{"rendered":"https:\/\/fico.fi\/product\/2kde\/"},"modified":"2024-05-21T14:40:13","modified_gmt":"2024-05-21T12:40:13","slug":"2kde","status":"publish","type":"product","link":"https:\/\/fico.fi\/fi\/product\/2kde\/","title":{"rendered":"F2KDE"},"content":{"rendered":"<p>Alkuper\u00e4inen varuste nestem\u00e4isten j\u00e4tteiden, lietteen ja korkeapaineisen veden pesuun Arktisessa ymp\u00e4rist\u00f6ss\u00e4.<\/p>\n<p>&nbsp;<\/p>\n<p><img loading=\"lazy\" decoding=\"async\" class=\"aligncenter wp-image-931 size-full\" src=\"https:\/\/fico.fi\/wp-content\/uploads\/Prodotti_Corpo_2kde.jpg\" alt=\"\" width=\"1024\" height=\"683\" srcset=\"https:\/\/fico.fi\/wp-content\/uploads\/Prodotti_Corpo_2kde.jpg 1024w, https:\/\/fico.fi\/wp-content\/uploads\/Prodotti_Corpo_2kde-450x300.jpg 450w, https:\/\/fico.fi\/wp-content\/uploads\/Prodotti_Corpo_2kde-768x512.jpg 768w\" sizes=\"auto, (max-width: 1024px) 100vw, 1024px\" \/><\/p>\n","protected":false},"template":"","accessory":[221,218,227,216,226,223,328,215,220,299,316,304,312,222,320,324,219,228,291,214,295,217,286],"application":[165,163,174,162,172,173,167,166,170,169,229,171,369,168],"class_list":["post-2480","product","type-product","status-publish","hentry","accessory-voimanotto","accessory-alkuperainen-ajoneuvon-voimanotto-power-take-off-fi","accessory-imupiumppu","accessory-lohkotyyppinen-imupumppu","accessory-mulastaus","accessory-takana-kuljetettava-letkukela","accessory-kasettiteleskooppi","accessory-korkeapainepumppu","accessory-mantapumppu","accessory-vesiletkuvarsi","accessory-ensimmainen-letkukela","accessory-toinen-letkukela","accessory-puhdistus","accessory-radio-ohjaus-01","accessory-radio-ohjaus","accessory-radio-ohjaus-naytolla","accessory-muut","accessory-videokamera","accessory-huuhtelu","accessory-talviesittely","accessory-siirtoneste-pumput","accessory-kuormituspaino-jarjestelma","accessory-kattila","application-asuinkorttelit","application-civilisten","application-jatetyynyt","application-jatevesiallaat","application-katujen-puhdistus","application-lampovoimalat","application-oljyjalostamot","application-paperitehtaat","application-pienet-kanavointityot","application-telakat","application-teollisuudenalojen","application-terastyokset","application-foundries-fi","application-viemarikaivojen-puhdistus"],"acf":[],"_links":{"self":[{"href":"https:\/\/fico.fi\/fi\/wp-json\/wp\/v2\/product\/2480","targetHints":{"allow":["GET"]}}],"collection":[{"href":"https:\/\/fico.fi\/fi\/wp-json\/wp\/v2\/product"}],"about":[{"href":"https:\/\/fico.fi\/fi\/wp-json\/wp\/v2\/types\/product"}],"wp:attachment":[{"href":"https:\/\/fico.fi\/fi\/wp-json\/wp\/v2\/media?parent=2480"}],"wp:term":[{"taxonomy":"accessory","embeddable":true,"href":"https:\/\/fico.fi\/fi\/wp-json\/wp\/v2\/accessory?post=2480"},{"taxonomy":"application","embeddable":true,"href":"https:\/\/fico.fi\/fi\/wp-json\/wp\/v2\/application?post=2480"}],"curies":[{"name":"wp","href":"https:\/\/api.w.org\/{rel}","templated":true}]}}