{"id":2450,"date":"2023-11-30T12:00:43","date_gmt":"2023-11-30T11:00:43","guid":{"rendered":"https:\/\/fico.fi\/product\/fivac\/"},"modified":"2024-05-16T15:33:48","modified_gmt":"2024-05-16T13:33:48","slug":"fivac","status":"publish","type":"product","link":"https:\/\/fico.fi\/fi\/product\/fivac\/","title":{"rendered":"FIVAC"},"content":{"rendered":"<p>Imurointi ja j\u00e4te- ja lietem\u00e4isten aineiden kuljetus imurointiyksik\u00f6ll\u00e4 sek\u00e4 vaarallisten aineiden kuljetus.<\/p>\n<p><img loading=\"lazy\" decoding=\"async\" class=\"aligncenter wp-image-1226 size-full\" src=\"https:\/\/fico.fi\/wp-content\/uploads\/Prodotti_Corpo_Fivac.jpg\" alt=\"\" width=\"1024\" height=\"683\" srcset=\"https:\/\/fico.fi\/wp-content\/uploads\/Prodotti_Corpo_Fivac.jpg 1024w, https:\/\/fico.fi\/wp-content\/uploads\/Prodotti_Corpo_Fivac-450x300.jpg 450w, https:\/\/fico.fi\/wp-content\/uploads\/Prodotti_Corpo_Fivac-768x512.jpg 768w\" sizes=\"auto, (max-width: 1024px) 100vw, 1024px\" \/><\/p>\n","protected":false},"template":"","accessory":[221,218,227,216,226,225,223,222,224,219,217,295,228],"application":[165,163,162,173,167,170,169,229,171,168,231],"class_list":["post-2450","product","type-product","status-publish","hentry","accessory-voimanotto","accessory-alkuperainen-ajoneuvon-voimanotto-power-take-off-fi","accessory-imupiumppu","accessory-lohkotyyppinen-imupumppu","accessory-mulastaus","accessory-heilurimallinen-imuletkukela","accessory-takana-kuljetettava-letkukela","accessory-radio-ohjaus-01","accessory-pieni-radio-ohjaus","accessory-muut","accessory-kuormituspaino-jarjestelma","accessory-siirtoneste-pumput","accessory-videokamera","application-asuinkorttelit","application-civilisten","application-jatevesiallaat","application-lampovoimalat","application-oljyjalostamot","application-pienet-kanavointityot","application-telakat","application-teollisuudenalojen","application-terastyokset","application-viemarikaivojen-puhdistus","application-viemarilaitokset"],"acf":[],"_links":{"self":[{"href":"https:\/\/fico.fi\/fi\/wp-json\/wp\/v2\/product\/2450","targetHints":{"allow":["GET"]}}],"collection":[{"href":"https:\/\/fico.fi\/fi\/wp-json\/wp\/v2\/product"}],"about":[{"href":"https:\/\/fico.fi\/fi\/wp-json\/wp\/v2\/types\/product"}],"wp:attachment":[{"href":"https:\/\/fico.fi\/fi\/wp-json\/wp\/v2\/media?parent=2450"}],"wp:term":[{"taxonomy":"accessory","embeddable":true,"href":"https:\/\/fico.fi\/fi\/wp-json\/wp\/v2\/accessory?post=2450"},{"taxonomy":"application","embeddable":true,"href":"https:\/\/fico.fi\/fi\/wp-json\/wp\/v2\/application?post=2450"}],"curies":[{"name":"wp","href":"https:\/\/api.w.org\/{rel}","templated":true}]}}